{"id":1355,"date":"2024-05-30T21:51:33","date_gmt":"2024-05-30T21:51:33","guid":{"rendered":"https:\/\/cvadelcentro.com\/web\/?page_id=1355"},"modified":"2026-04-06T17:49:52","modified_gmt":"2026-04-06T17:49:52","slug":"tarifas","status":"publish","type":"page","link":"https:\/\/cvadelcentro.com\/web\/tarifas\/","title":{"rendered":"Tarifas"},"content":{"rendered":"\t\t<div data-elementor-type=\"wp-page\" data-elementor-id=\"1355\" class=\"elementor elementor-1355\" data-elementor-post-type=\"page\">\r\n\t\t\t\t<div class=\"elementor-element elementor-element-ac2be2a e-flex e-con-boxed e-con e-parent\" data-id=\"ac2be2a\" data-element_type=\"container\" data-settings=\"{&quot;background_background&quot;:&quot;classic&quot;,&quot;background_motion_fx_motion_fx_mouse&quot;:&quot;yes&quot;,&quot;background_motion_fx_mouseTrack_effect&quot;:&quot;yes&quot;,&quot;background_motion_fx_mouseTrack_speed&quot;:{&quot;unit&quot;:&quot;px&quot;,&quot;size&quot;:0.1,&quot;sizes&quot;:[]},&quot;shape_divider_bottom&quot;:&quot;triangle-asymmetrical&quot;}\">\r\n\t\t\t\t\t<div class=\"e-con-inner\">\r\n\t\t\t\t<div class=\"elementor-shape elementor-shape-bottom\" data-negative=\"false\">\r\n\t\t\t<svg xmlns=\"http:\/\/www.w3.org\/2000\/svg\" viewBox=\"0 0 1000 100\" preserveAspectRatio=\"none\">\r\n\t<path class=\"elementor-shape-fill\" d=\"M738,99l262-93V0H0v5.6L738,99z\"\/>\r\n<\/svg>\t\t<\/div>\r\n\t\t<div class=\"elementor-element elementor-element-2516d31 e-con-full e-flex e-con e-child\" data-id=\"2516d31\" data-element_type=\"container\">\r\n\t\t\t\t<div class=\"elementor-element elementor-element-045b671 elementor-invisible elementor-widget elementor-widget-heading\" data-id=\"045b671\" data-element_type=\"widget\" data-settings=\"{&quot;_animation&quot;:&quot;fadeInLeft&quot;}\" data-widget_type=\"heading.default\">\r\n\t\t\t\t<div class=\"elementor-widget-container\">\r\n\t\t\t<style>\/*! elementor - v3.21.0 - 26-05-2024 *\/\r\n.elementor-heading-title{padding:0;margin:0;line-height:1}.elementor-widget-heading .elementor-heading-title[class*=elementor-size-]>a{color:inherit;font-size:inherit;line-height:inherit}.elementor-widget-heading .elementor-heading-title.elementor-size-small{font-size:15px}.elementor-widget-heading .elementor-heading-title.elementor-size-medium{font-size:19px}.elementor-widget-heading .elementor-heading-title.elementor-size-large{font-size:29px}.elementor-widget-heading .elementor-heading-title.elementor-size-xl{font-size:39px}.elementor-widget-heading .elementor-heading-title.elementor-size-xxl{font-size:59px}<\/style><h1 class=\"elementor-heading-title elementor-size-default\">Tarifas<\/h1>\t\t<\/div>\r\n\t\t\t\t<\/div>\r\n\t\t\t\t<div class=\"elementor-element elementor-element-44f708c animated-slow elementor-invisible elementor-widget elementor-widget-text-editor\" data-id=\"44f708c\" data-element_type=\"widget\" data-settings=\"{&quot;_animation&quot;:&quot;fadeInLeft&quot;}\" data-widget_type=\"text-editor.default\">\r\n\t\t\t\t<div class=\"elementor-widget-container\">\r\n\t\t\t<style>\/*! elementor - v3.21.0 - 26-05-2024 *\/\r\n.elementor-widget-text-editor.elementor-drop-cap-view-stacked .elementor-drop-cap{background-color:#69727d;color:#fff}.elementor-widget-text-editor.elementor-drop-cap-view-framed .elementor-drop-cap{color:#69727d;border:3px solid;background-color:transparent}.elementor-widget-text-editor:not(.elementor-drop-cap-view-default) .elementor-drop-cap{margin-top:8px}.elementor-widget-text-editor:not(.elementor-drop-cap-view-default) .elementor-drop-cap-letter{width:1em;height:1em}.elementor-widget-text-editor .elementor-drop-cap{float:left;text-align:center;line-height:1;font-size:50px}.elementor-widget-text-editor .elementor-drop-cap-letter{display:inline-block}<\/style>\t\t\t\t<p>Te recordamos la importancia de revisar nuestras tarifas detalladamente antes de iniciar cualquier tr\u00e1mite en nuestras instalaciones. Esto te permitir\u00e1 estar completamente informado sobre los costos asociados y evitar cualquier sorpresa inesperada.<\/p>\t\t\t\t\t\t<\/div>\r\n\t\t\t\t<\/div>\r\n\t\t\t\t<\/div>\r\n\t\t<div class=\"elementor-element elementor-element-b691b60 e-con-full e-flex e-con e-child\" data-id=\"b691b60\" data-element_type=\"container\">\r\n\t\t\t\t<\/div>\r\n\t\t\t\t\t<\/div>\r\n\t\t\t\t<\/div>\r\n\t\t<div class=\"elementor-element elementor-element-8f2a122 e-flex e-con-boxed e-con e-parent\" data-id=\"8f2a122\" data-element_type=\"container\">\r\n\t\t\t\t\t<div class=\"e-con-inner\">\r\n\t\t\t\t\t<\/div>\r\n\t\t\t\t<\/div>\r\n\t\t<div class=\"elementor-element elementor-element-71052dd e-con-full e-flex e-con e-parent\" data-id=\"71052dd\" data-element_type=\"container\" data-settings=\"{&quot;background_background&quot;:&quot;classic&quot;,&quot;shape_divider_top&quot;:&quot;triangle-asymmetrical&quot;}\">\r\n\t\t\t\t<div class=\"elementor-shape elementor-shape-top\" data-negative=\"false\">\r\n\t\t\t<svg xmlns=\"http:\/\/www.w3.org\/2000\/svg\" viewBox=\"0 0 1000 100\" preserveAspectRatio=\"none\">\r\n\t<path class=\"elementor-shape-fill\" d=\"M738,99l262-93V0H0v5.6L738,99z\"\/>\r\n<\/svg>\t\t<\/div>\r\n\t\t<div class=\"elementor-element elementor-element-f9919fd e-con-full e-flex e-con e-child\" data-id=\"f9919fd\" data-element_type=\"container\">\r\n\t\t<div class=\"elementor-element elementor-element-7ddd0de e-con-full e-flex elementor-invisible e-con e-child\" data-id=\"7ddd0de\" data-element_type=\"container\" data-settings=\"{&quot;animation&quot;:&quot;fadeInUp&quot;}\">\r\n\t\t<div class=\"elementor-element elementor-element-2510334 e-con-full e-flex e-con e-child\" data-id=\"2510334\" data-element_type=\"container\">\r\n\t\t\t\t<div class=\"elementor-element elementor-element-9af67d8 elementor-widget elementor-widget-heading\" data-id=\"9af67d8\" data-element_type=\"widget\" data-widget_type=\"heading.default\">\r\n\t\t\t\t<div class=\"elementor-widget-container\">\r\n\t\t\t<h4 class=\"elementor-heading-title elementor-size-default\">CURSOS PRESENCIALES<\/h4>\t\t<\/div>\r\n\t\t\t\t<\/div>\r\n\t\t\t\t<\/div>\r\n\t\t<div class=\"elementor-element elementor-element-8503d67 e-con-full e-flex e-con e-child\" data-id=\"8503d67\" data-element_type=\"container\">\r\n\t\t\t\t<div class=\"elementor-element elementor-element-85ef827 elementor-widget elementor-widget-text-editor\" data-id=\"85ef827\" data-element_type=\"widget\" data-widget_type=\"text-editor.default\">\r\n\t\t\t\t<div class=\"elementor-widget-container\">\r\n\t\t\t\t\t\t\t<table width=\"268\"><tbody><tr><td width=\"236\">\u00a0<\/td><td style=\"text-align: center;\" width=\"32\">Ref.<\/td><\/tr><tr><td>Diarios<\/td><td style=\"text-align: center;\">80<\/td><\/tr><tr><td>Adultos Lunes y Mi\u00e9rcoles<\/td><td style=\"text-align: center;\">70<\/td><\/tr><tr><td>Adultos Martes y Jueves<\/td><td style=\"text-align: center;\">70<\/td><\/tr><tr><td>Adultos Lunes, Mi\u00e9rcoles y Viernes<\/td><td style=\"text-align: center;\">70<\/td><\/tr><tr><td>Adolescentes Lunes y Mi\u00e9rcoles<\/td><td style=\"text-align: center;\">70<\/td><\/tr><tr><td>Adolescentes Martes y Jueves<\/td><td style=\"text-align: center;\">70<\/td><\/tr><tr><td>Ni\u00f1os Martes y Jueves<\/td><td style=\"text-align: center;\">70<\/td><\/tr><tr><td>Adultos Sabatino<\/td><td style=\"text-align: center;\">70<\/td><\/tr><tr><td>Adolescentes y Ni\u00f1os Sabatino<\/td><td style=\"text-align: center;\">70<\/td><\/tr><tr><td>Avanzado Sabatino<\/td><td style=\"text-align: center;\">85<\/td><\/tr><\/tbody><\/table>\t\t\t\t\t\t<\/div>\r\n\t\t\t\t<\/div>\r\n\t\t\t\t<\/div>\r\n\t\t\t\t<\/div>\r\n\t\t<div class=\"elementor-element elementor-element-64390cd e-con-full e-flex elementor-invisible e-con e-child\" data-id=\"64390cd\" data-element_type=\"container\" data-settings=\"{&quot;animation&quot;:&quot;fadeInUp&quot;}\">\r\n\t\t<div class=\"elementor-element elementor-element-f682e50 e-con-full e-flex e-con e-child\" data-id=\"f682e50\" data-element_type=\"container\">\r\n\t\t\t\t<div class=\"elementor-element elementor-element-962c720 elementor-widget elementor-widget-heading\" data-id=\"962c720\" data-element_type=\"widget\" data-widget_type=\"heading.default\">\r\n\t\t\t\t<div class=\"elementor-widget-container\">\r\n\t\t\t<h4 class=\"elementor-heading-title elementor-size-default\">CURSOS ONLINE<\/h4>\t\t<\/div>\r\n\t\t\t\t<\/div>\r\n\t\t\t\t<\/div>\r\n\t\t<div class=\"elementor-element elementor-element-d7fe016 e-con-full e-flex e-con e-child\" data-id=\"d7fe016\" data-element_type=\"container\">\r\n\t\t\t\t<div class=\"elementor-element elementor-element-b72649e elementor-widget elementor-widget-text-editor\" data-id=\"b72649e\" data-element_type=\"widget\" data-widget_type=\"text-editor.default\">\r\n\t\t\t\t<div class=\"elementor-widget-container\">\r\n\t\t\t\t\t\t\t<table width=\"293\"><tbody><tr><td width=\"261\">\u00a0<\/td><td style=\"text-align: center;\" width=\"32\">Ref.<\/td><\/tr><tr><td>Interdiarios Lunes, Mi\u00e9rcoles y Viernes<\/td><td style=\"text-align: center;\">60<\/td><\/tr><tr><td>Adultos Sabatino<\/td><td style=\"text-align: center;\">60<\/td><\/tr><tr><td>Avanzados<\/td><td style=\"text-align: center;\">67<\/td><\/tr><\/tbody><\/table>\t\t\t\t\t\t<\/div>\r\n\t\t\t\t<\/div>\r\n\t\t\t\t<\/div>\r\n\t\t\t\t<\/div>\r\n\t\t<div class=\"elementor-element elementor-element-297676e e-con-full e-flex elementor-invisible e-con e-child\" data-id=\"297676e\" data-element_type=\"container\" data-settings=\"{&quot;animation&quot;:&quot;fadeInUp&quot;}\">\r\n\t\t<div class=\"elementor-element elementor-element-ffcd2e7 e-con-full e-flex e-con e-child\" data-id=\"ffcd2e7\" data-element_type=\"container\">\r\n\t\t\t\t<div class=\"elementor-element elementor-element-fed7025 elementor-widget elementor-widget-heading\" data-id=\"fed7025\" data-element_type=\"widget\" data-widget_type=\"heading.default\">\r\n\t\t\t\t<div class=\"elementor-widget-container\">\r\n\t\t\t<h4 class=\"elementor-heading-title elementor-size-default\">CURSOS ESPECIALES EXPRESS<\/h4>\t\t<\/div>\r\n\t\t\t\t<\/div>\r\n\t\t\t\t<\/div>\r\n\t\t<div class=\"elementor-element elementor-element-c3081f8 e-con-full e-flex e-con e-child\" data-id=\"c3081f8\" data-element_type=\"container\">\r\n\t\t\t\t<div class=\"elementor-element elementor-element-6e1040a elementor-widget elementor-widget-text-editor\" data-id=\"6e1040a\" data-element_type=\"widget\" data-widget_type=\"text-editor.default\">\r\n\t\t\t\t<div class=\"elementor-widget-container\">\r\n\t\t\t\t\t\t\t<table width=\"293\"><tbody><tr><td width=\"261\">\u00a0<\/td><td style=\"text-align: center;\" width=\"32\">Ref.<\/td><\/tr><tr><td>Writing<\/td><td style=\"text-align: center;\">70<\/td><\/tr><tr><td>Conversation<\/td><td style=\"text-align: center;\">70<\/td><\/tr><tr><td>Survival English Presencial<\/td><td style=\"text-align: center;\">70<\/td><\/tr><\/tbody><\/table>\t\t\t\t\t\t<\/div>\r\n\t\t\t\t<\/div>\r\n\t\t\t\t<\/div>\r\n\t\t\t\t<\/div>\r\n\t\t<div class=\"elementor-element elementor-element-c7c1261 e-con-full e-flex elementor-invisible e-con e-child\" data-id=\"c7c1261\" data-element_type=\"container\" data-settings=\"{&quot;animation&quot;:&quot;fadeInUp&quot;}\">\r\n\t\t<div class=\"elementor-element elementor-element-7272142 e-con-full e-flex e-con e-child\" data-id=\"7272142\" data-element_type=\"container\">\r\n\t\t\t\t<div class=\"elementor-element elementor-element-0e9d957 elementor-widget elementor-widget-heading\" data-id=\"0e9d957\" data-element_type=\"widget\" data-widget_type=\"heading.default\">\r\n\t\t\t\t<div class=\"elementor-widget-container\">\r\n\t\t\t<h4 class=\"elementor-heading-title elementor-size-default\">GU\u00cdAS DE ESTUDIO<\/h4>\t\t<\/div>\r\n\t\t\t\t<\/div>\r\n\t\t\t\t<\/div>\r\n\t\t<div class=\"elementor-element elementor-element-ab55a7a e-con-full e-flex e-con e-child\" data-id=\"ab55a7a\" data-element_type=\"container\">\r\n\t\t\t\t<div class=\"elementor-element elementor-element-afb6341 elementor-widget elementor-widget-text-editor\" data-id=\"afb6341\" data-element_type=\"widget\" data-widget_type=\"text-editor.default\">\r\n\t\t\t\t<div class=\"elementor-widget-container\">\r\n\t\t\t\t\t\t\t<table width=\"293\"><tbody><tr><td width=\"261\">\u00a0<\/td><td style=\"text-align: center;\" width=\"32\">Ref.<\/td><\/tr><tr><td>Intro<\/td><td style=\"text-align: center;\">19<\/td><\/tr><tr><td>Book 1<\/td><td style=\"text-align: center;\">33<\/td><\/tr><tr><td>Book 2<\/td><td style=\"text-align: center;\">30<\/td><\/tr><tr><td>Book 3<\/td><td style=\"text-align: center;\">30<\/td><\/tr><tr><td><p>Book 4<\/p><p>Cursos avanzados<\/p><p>Cursos de ni\u00f1os<\/p><\/td><td style=\"text-align: center;\"><p>30<\/p><p>25<\/p><p>18<\/p><\/td><\/tr><\/tbody><\/table>\t\t\t\t\t\t<\/div>\r\n\t\t\t\t<\/div>\r\n\t\t\t\t<\/div>\r\n\t\t\t\t<\/div>\r\n\t\t<div class=\"elementor-element elementor-element-52a090a e-con-full e-flex elementor-invisible e-con e-child\" data-id=\"52a090a\" data-element_type=\"container\" data-settings=\"{&quot;animation&quot;:&quot;fadeInUp&quot;}\">\r\n\t\t<div class=\"elementor-element elementor-element-5df1c19 e-con-full e-flex e-con e-child\" data-id=\"5df1c19\" data-element_type=\"container\">\r\n\t\t\t\t<div class=\"elementor-element elementor-element-4380009 elementor-widget elementor-widget-heading\" data-id=\"4380009\" data-element_type=\"widget\" data-widget_type=\"heading.default\">\r\n\t\t\t\t<div class=\"elementor-widget-container\">\r\n\t\t\t<h4 class=\"elementor-heading-title elementor-size-default\">SERVICIOS<\/h4>\t\t<\/div>\r\n\t\t\t\t<\/div>\r\n\t\t\t\t<\/div>\r\n\t\t<div class=\"elementor-element elementor-element-456eaeb e-con-full e-flex e-con e-child\" data-id=\"456eaeb\" data-element_type=\"container\">\r\n\t\t\t\t<div class=\"elementor-element elementor-element-38645c7 elementor-widget elementor-widget-text-editor\" data-id=\"38645c7\" data-element_type=\"widget\" data-widget_type=\"text-editor.default\">\r\n\t\t\t\t<div class=\"elementor-widget-container\">\r\n\t\t\t\t\t\t\t<table style=\"height: 494px;\" width=\"257\"><tbody><tr><td width=\"261\">\u00a0<\/td><td style=\"text-align: center;\" width=\"44\">Ref.<\/td><\/tr><tr><td>Constancias<\/td><td style=\"text-align: center;\">2<\/td><\/tr><tr><td>Nivelaci\u00f3n y examen diferido<\/td><td style=\"text-align: center;\">10 c\/u<\/td><\/tr><tr><td>Reimpresi\u00f3n de certificado<\/td><td style=\"text-align: center;\">15<\/td><\/tr><tr><td>Comprobantes<\/td><td style=\"text-align: center;\">Bs. 20<\/td><\/tr><tr><td><p>Recuperaci\u00f3n 1<\/p><p>Recuperaci\u00f3n 2<\/p><p>Recuperaci\u00f3n 3<\/p><p>Recuperaci\u00f3n 4<\/p><p>Recuperaci\u00f3n 5<\/p><\/td><td style=\"text-align: center;\"><p>10<\/p><p>9<\/p><p>8<\/p><p>7<\/p><p>6<\/p><\/td><\/tr><\/tbody><\/table>\t\t\t\t\t\t<\/div>\r\n\t\t\t\t<\/div>\r\n\t\t\t\t<\/div>\r\n\t\t\t\t<\/div>\r\n\t\t<div class=\"elementor-element elementor-element-10ad6fa e-con-full e-flex elementor-invisible e-con e-child\" data-id=\"10ad6fa\" data-element_type=\"container\" data-settings=\"{&quot;animation&quot;:&quot;fadeInUp&quot;}\">\r\n\t\t<div class=\"elementor-element elementor-element-b5cd63f e-con-full e-flex e-con e-child\" data-id=\"b5cd63f\" data-element_type=\"container\">\r\n\t\t\t\t<div class=\"elementor-element elementor-element-c6ba9e5 elementor-widget elementor-widget-text-editor\" data-id=\"c6ba9e5\" data-element_type=\"widget\" data-widget_type=\"text-editor.default\">\r\n\t\t\t\t<div class=\"elementor-widget-container\">\r\n\t\t\t\t\t\t\t<p>Pagos en tarjeta de d\u00e9bito y cr\u00e9dito. No aceptamos Cash ni pago m\u00f3vil.<\/p><p>Nota: Precios sujetos a cambio sin previo aviso<\/p><p>Trabajamos con la tasa del Banco Central de Venezuela vigente del d\u00eda.<\/p>\t\t\t\t\t\t<\/div>\r\n\t\t\t\t<\/div>\r\n\t\t\t\t<\/div>\r\n\t\t\t\t<\/div>\r\n\t\t\t\t<\/div>\r\n\t\t\t\t<\/div>\r\n\t\t\t\t<\/div>\r\n\t\t","protected":false},"excerpt":{"rendered":"<p>Tarifas Te recordamos la importancia de revisar nuestras tarifas detalladamente antes de iniciar cualquier tr\u00e1mite en nuestras instalaciones. Esto te permitir\u00e1 estar completamente informado sobre los costos asociados y evitar cualquier sorpresa inesperada. CURSOS PRESENCIALES \u00a0 Ref. Diarios 80 Adultos Lunes y Mi\u00e9rcoles 70 Adultos Martes y Jueves 70 Adultos Lunes, Mi\u00e9rcoles y Viernes 70 [&hellip;]<\/p>\n","protected":false},"author":1,"featured_media":0,"parent":0,"menu_order":0,"comment_status":"closed","ping_status":"closed","template":"","meta":{"site-sidebar-layout":"no-sidebar","site-content-layout":"page-builder","ast-site-content-layout":"full-width-container","site-content-style":"unboxed","site-sidebar-style":"unboxed","ast-global-header-display":"","ast-banner-title-visibility":"","ast-main-header-display":"","ast-hfb-above-header-display":"","ast-hfb-below-header-display":"","ast-hfb-mobile-header-display":"","site-post-title":"disabled","ast-breadcrumbs-content":"","ast-featured-img":"disabled","footer-sml-layout":"","theme-transparent-header-meta":"enabled","adv-header-id-meta":"","stick-header-meta":"","header-above-stick-meta":"","header-main-stick-meta":"","header-below-stick-meta":"","astra-migrate-meta-layouts":"set","ast-page-background-enabled":"default","ast-page-background-meta":{"desktop":{"background-color":"","background-image":"","background-repeat":"repeat","background-position":"center center","background-size":"auto","background-attachment":"scroll","background-type":"","background-media":"","overlay-type":"","overlay-color":"","overlay-opacity":"","overlay-gradient":""},"tablet":{"background-color":"","background-image":"","background-repeat":"repeat","background-position":"center center","background-size":"auto","background-attachment":"scroll","background-type":"","background-media":"","overlay-type":"","overlay-color":"","overlay-opacity":"","overlay-gradient":""},"mobile":{"background-color":"","background-image":"","background-repeat":"repeat","background-position":"center center","background-size":"auto","background-attachment":"scroll","background-type":"","background-media":"","overlay-type":"","overlay-color":"","overlay-opacity":"","overlay-gradient":""}},"ast-content-background-meta":{"desktop":{"background-color":"var(--ast-global-color-5)","background-image":"","background-repeat":"repeat","background-position":"center center","background-size":"auto","background-attachment":"scroll","background-type":"","background-media":"","overlay-type":"","overlay-color":"","overlay-opacity":"","overlay-gradient":""},"tablet":{"background-color":"var(--ast-global-color-5)","background-image":"","background-repeat":"repeat","background-position":"center center","background-size":"auto","background-attachment":"scroll","background-type":"","background-media":"","overlay-type":"","overlay-color":"","overlay-opacity":"","overlay-gradient":""},"mobile":{"background-color":"var(--ast-global-color-5)","background-image":"","background-repeat":"repeat","background-position":"center center","background-size":"auto","background-attachment":"scroll","background-type":"","background-media":"","overlay-type":"","overlay-color":"","overlay-opacity":"","overlay-gradient":""}},"footnotes":""},"class_list":["post-1355","page","type-page","status-publish","hentry"],"_links":{"self":[{"href":"https:\/\/cvadelcentro.com\/web\/wp-json\/wp\/v2\/pages\/1355","targetHints":{"allow":["GET"]}}],"collection":[{"href":"https:\/\/cvadelcentro.com\/web\/wp-json\/wp\/v2\/pages"}],"about":[{"href":"https:\/\/cvadelcentro.com\/web\/wp-json\/wp\/v2\/types\/page"}],"author":[{"embeddable":true,"href":"https:\/\/cvadelcentro.com\/web\/wp-json\/wp\/v2\/users\/1"}],"replies":[{"embeddable":true,"href":"https:\/\/cvadelcentro.com\/web\/wp-json\/wp\/v2\/comments?post=1355"}],"version-history":[{"count":91,"href":"https:\/\/cvadelcentro.com\/web\/wp-json\/wp\/v2\/pages\/1355\/revisions"}],"predecessor-version":[{"id":2235,"href":"https:\/\/cvadelcentro.com\/web\/wp-json\/wp\/v2\/pages\/1355\/revisions\/2235"}],"wp:attachment":[{"href":"https:\/\/cvadelcentro.com\/web\/wp-json\/wp\/v2\/media?parent=1355"}],"curies":[{"name":"wp","href":"https:\/\/api.w.org\/{rel}","templated":true}]}}